{"id":324,"date":"2022-04-10T07:05:01","date_gmt":"2022-04-10T05:05:01","guid":{"rendered":"https:\/\/doinggt.com\/?page_id=324"},"modified":"2022-04-11T08:42:39","modified_gmt":"2022-04-11T06:42:39","slug":"authors-publications","status":"publish","type":"page","link":"https:\/\/doinggt.com\/index.php\/authors-publications\/","title":{"rendered":"Author&#8217;s Publications Related to Grounded Theory"},"content":{"rendered":"\n<p>Below is an overview of Isabelle and Ga\u00ebtan's empirical and theoretical publications that use and apply Grounded Theory.<\/p>\n\n\n\n<div class=\"wp-block-columns is-layout-flex wp-container-core-columns-is-layout-28f84493 wp-block-columns-is-layout-flex\">\n<div class=\"wp-block-column is-layout-flow wp-block-column-is-layout-flow\">\n<h4 class=\"wp-block-heading\">Isabelle Walsh<\/h4>\n\n\n\n<p>Walsh, I. &amp; Rowe, F. (2022) BIBGT: Combining Bibliometrics and Grounded Theory to Conduct a Literature Review. European Journal of Information Systems.<\/p>\n\n\n\n<p>Nagy, G., Walsh, (2021) I. Managerial Blurring of Employee Goals. Academy of Management Proceedings.<\/p>\n\n\n\n<p>Mishra, V., Walsh, I., &amp; Srivastava, (2021) A. Merchants\u2019 adoption of mobile payment in emerging economies: the case of unorganised retailers in India. European Journal of Information Systems<\/p>\n\n\n\n<p>Walsh, I. (2020). A combined variance and process perspective on IT culture and IT usage leading to the concept of IT acculturation.&nbsp;Systemes d'information management,&nbsp;25(2), 33-72.<\/p>\n\n\n\n<p>Johnson, B., &amp; Walsh, I. (2019). Mixed Grounded Theory: Merging Grounded Theory with Mixed Methods and Multimethod Research. Handbook of grounded theory research. Sage.<\/p>\n\n\n\n<p>Walsh, I., Holton, J., &amp; Mourmant, G. (2019). Conducting Classic Grounded Theory. UK: Sage.<\/p>\n\n\n\n<p>Renaud, A., &amp; Walsh, I. (2018). The Whirling Management of an IS Project: An Alternative Approach to Project Management. AIM (Association Information et Management).<\/p>\n\n\n\n<p>Mlaiki, A., Walsh, I. and Kalika, M. (2017) Why Do We Continue Using Social Networking Sites? The Giving Loop That Feeds ComputerMediated Social Ties. Syst\u00e8mes d\u2019Information &amp; Management.<\/p>\n\n\n\n<p>Walsh, I., &amp; Renaud, A. (2017). Reviewing the literature in the IS field: Two bibliometric techniques to guide readings and help the interpretation of the literature. Systemes d'information management, 22(3), 75-115.<\/p>\n\n\n\n<p>Walsh, I. (2017). Discovering New Theories EMS Edition.<\/p>\n\n\n\n<p>Holton, Judith A., &amp; Walsh, I. (2016). Classic Grounded Theory Sage Publications.<\/p>\n\n\n\n<p>Walsh, I. &amp; Holton, J. (2016). Leveraging the Full Power of Grounded Theory Methodology. BAM (British Academy of Management) Conference, Newcastle, United Kingdom.<\/p>\n\n\n\n<p>Renaud, A., Walsh, I., &amp; Kalika, M. (2016). Is SAM still alive? A bibliometric and interpretive mapping of the strategic alignment research field. The Journal of Strategic Information Systems, 25(2), 75-103.<\/p>\n\n\n\n<p>Walsh, I. &amp; Zamani, S. (2016, May). Waterfall Connectivity and Smart Usage: How Youngsters in Isfahan Build up their Self Concept. AIM (Association Information et Management), Lille, France.<\/p>\n\n\n\n<p>Walsh, I., Gettler-Summa, M., &amp; Kalika, M. (2016). Expectable use: An important facet of IT usage.&nbsp;The Journal of Strategic Information Systems,&nbsp;25(3), 177-210.<\/p>\n\n\n\n<p>Anand, A., &amp; Walsh, I. (2015). Empirical Analysis of Factors Influencing Knowledge Sharing Facilities and Barriers in Indian SMEs: A Comparative Case Study. In European Conference on Knowledge Management (p. 887). Academic Conferences International Limited.<\/p>\n\n\n\n<p>Guelmami, M., &amp; Walsh, I. (2015). Traduire et aligner pour mieux g\u00e9rer une clinique priv\u00e9e en Tunisie.. In Beaulieu P. &amp; Kalika M. (Eds.), La cr\u00e9ation de connaissance par les managers.. EMS Edition.<\/p>\n\n\n\n<p>Walsh, I. (2015). Comment transformer une exp\u00e9rience pratique en th\u00e9orie ? Autoethnographie et th\u00e9orie enracin\u00e9e.. In EMS \u00e9ditions. (Ed.), La cr\u00e9ation de connaissance par les managers.. EMS Edition.<\/p>\n\n\n\n<p>Walsh, I. (2015). D\u00e9velopper de nouvelles th\u00e9ories EMS Edition.<\/p>\n\n\n\n<p>Walsh, I. (2015). Using quantitative data in mixed-design grounded theory studies: an enhanced path to formal grounded theory in information systems. European Journal of Information Systems, 24(5), 531-557.<\/p>\n\n\n\n<p>Walsh, I., Holton, J. A., Bailyn, L., Fernandez, W., Levina, N., &amp; Glaser, B. (2015). Rejoinder: Moving the management field forward.&nbsp;Organizational Research Methods,&nbsp;18(4), 620-628.<\/p>\n\n\n\n<p>Walsh, I., Holton, J. A., Bailyn, L., Fernandez, W., Levina, N., &amp; Glaser, B. (2015). What grounded theory is\u2026 a critically reflective conversation among scholars.&nbsp;Organizational Research Methods,&nbsp;18(4), 581-599.<\/p>\n\n\n\n<p>Holton, J., &amp; Walsh, I. (2014). Leveraging the Full Power of Grounded Theory Methodology. PDW. Academy of Management Philadelphia..<\/p>\n\n\n\n<p>Walsh, I. (2014). A Strategic Path to study IT Use through Users' IT Culture and IT Needs: A MixedMethod Grounded Theory. Journal of Strategic Information Systems, 23 (2), 146\u2013173.<\/p>\n\n\n\n<p>Walsh, I. (2014). Using Grounded Theory to Avoid Research Misconduct in management Science. The Grounded Theory Review, 13 (1).<\/p>\n\n\n\n<p>Walsh, I. (2013). What Grounded Theory is... Panel Symposium. Academy of Management Annual Conference. Orlando. USA.<\/p>\n\n\n\n<p>Walsh, I., Renaud, A., &amp; Kalika, M. (2013). The translated strategic alignment model: A practice-based perspective.&nbsp;Systemes d'information management,&nbsp;18(2), 37-68.<\/p>\n\n\n\n<p>Renaud, A., &amp; Walsh, I. (2012). Conception et conduite d'un projet SI : La r\u00e9informatisation du Service Commun de Documentation d'une Universit\u00e9. In M. Kalika, F. Rowe, et B. Fallery (Ed.), Cas de syst\u00e8mes d'information et management des organisations (pp. 195203). Editions Vuibert.<\/p>\n\n\n\n<p>Walsh, I., Kefi, H., &amp; Baskerville, R. (2011). Managing Culture Creep: Toward a Strategic Model of User IT Culture. Journal of Strategic Information Systems, 19 (4), 257280.<\/p>\n\n\n\n<p>Walsh, I., Renaud, A., &amp; Kalika, M. (2010). Reconceptualizing IS Strategic Alignment: the Translated Strategic Alignment Model (TSAM). AMCIS (Americas Conference on Information Systems).<\/p>\n<\/div>\n\n\n\n<div class=\"wp-block-column is-layout-flow wp-block-column-is-layout-flow\">\n<h4 class=\"wp-block-heading\">Ga\u00ebtan Mourmant<\/h4>\n\n\n\n<p>Mourmant G., (2021) Strategies for Setting Aside Preconceptions, Classic Grounded Theory International Virtual Conference, April 2021<\/p>\n\n\n\n<p>Nandram S., Mourmant , G, Bindlish P., and Sandra, D. (2019) \u201cIntegrating Reason and Intuition: An Integrative Approach to Objectivizing Subtle Cues\u201d in Liebowitz J., Developing Informed Intuition for Decision-Making, CRC &nbsp;Press<\/p>\n\n\n\n<p>Walsh I., Holton J.A., Mourmant G., (2019), \u201cConducting Classic Grounded Theory for Business and Management Students\u201d, 128 pages, SAGE Publications Ltd<\/p>\n\n\n\n<p>Nandram, S. S., Mourmant , G., Norlynk Smith, E., Heaton, D. P., &amp; Bindlish, P. K. (2018). Understanding entrepreneurial decision-making by objectivizing subtle cues. Journal of Management, Spirituality &amp; Religion, 1-26.<\/p>\n\n\n\n<p>Mourmant , G., &amp; Voutsina, K. (2017). Awakening the Dormant Dream: The Concept of Entrepreneurial Mind-Shifts. <em>ACM SIGMIS Database: the DATABASE for Advances in Information Systems<\/em>, <em>48<\/em>(3), 110-137.<\/p>\n\n\n\n<p>Nandram S., Mourmant G. , Norlyk Smith E., Heaton D., Dana L.P. (2015), <em>Deepening Entrepreneurial Intuition through subtling: What Entrepreneurs do when Reason is not enough<\/em>. Presented at the Academy Of Management, 2015.<\/p>\n\n\n\n<p>Voutsina K., Mourmant G. and Niederman F., (2014), \u201cThe Range of Shocks Prompting Entrepreneurial Employee Turnover through the lenses of exploration and exploitation framework<strong>\u201d, <\/strong><em>Technology, Innovation, Entrepreneurship and Competitive Strategy Book series, Volume 14<\/em>, p. 39-47, &nbsp;Edited by Amburgey et al; ISSN: 1479-067X\/doi:10.1108\/S1479-067X20140000014010.<\/p>\n\n\n\n<p>Mourmant G, Niederman F and Kalika M (2013) \u201cSpaces of IT Intrapreneurial Freedom: A Classical Grounded Theory\u201d, SIGMIS Computers and People Research<\/p>\n\n\n\n<p>Tiers G, Mourmant G and Leclercq A, (2013) \" L\u2019envol vers le Cloud: un ph\u00e9nom\u00e8ne de maturations multiples\". <em>Revue Syst\u00e8mes d'Information &amp; Management (SIM), 18 (4)<br>SIM is the French-speaking leading journal in IS. The paper could be translated as \u201cTaking-off to the cloud, a phenomenon of multiple maturations\u201d<\/em><\/p>\n\n\n\n<p>Voutsina K., Mourmant G. and Niederman F. (2013) \u201cA Repertoire of Shocks and Critical Events in IT Entrepreneurial Turnover\u201d, Academy of Management.<\/p>\n\n\n\n<p>Mourmant G (2012) \u201cSeeding event: Creating and developing spaces of entrepreneurial freedom\u201d. <em>Grounded Theory Review<\/em> 11(2)<\/p>\n\n\n\n<p>Mourmant G and Mahaleinen M (2012) \u201cThe concept of entrepreneurial voluntary naivety: Intentional naivety regarding the future\u201d. <em>AMCIS 2012 Proceedings<\/em>, Seattle, WE, USA.<\/p>\n\n\n\n<p>Mourmant G and Voutsina K (2012) \"Entrepreneurial Turnover: Introducing the Concept of Entrepreneurial Realization\". <em>PDW - Academy of Management Annual Conference<\/em>, Boston, MA, USA. .<\/p>\n\n\n\n<p>Mourmant G and Voutsina K (2012) \u201cWhat should I understand? The Concept of Shift of Understanding\", a Quote-Based Analysis\u201d. <em>In 2012 ACM SIGMIS <\/em>Computers and People Research<em> conference<\/em>, ACM Press, Milwaukee, WI.<\/p>\n\n\n\n<p>Tiers G, Mourmant G and Leclercq A (2012) \"Cloud Computing: Les composantes d'une rupture\". <em>Association Information et Management<\/em>, Bordeaux, France.<\/p>\n\n\n\n<p>Mourmant G and Voutsina K (2012) What Should I Understand? The concept of Shift of Understanding, a Quote-Based Analysis. In 2012 ACM SIGMIS Computers and People Research conference, ACM Press, Milwaukee, WI.<\/p>\n\n\n\n<p>Mourmant G. (2010) \"Comment les Employ\u00e9s en Syst\u00e8mes D\u2019information Deviennent des Entrepreneurs\". In <em>Entrepreneuriat et Insertion<\/em> (Brasseur M., Ed), pp 62-72, Bruyant, Bruxelles.<\/p>\n\n\n\n<p>Mourmant G and Voutsina K (2010) \"From IT Employee to IT Entrepreneur: the Concept of IT Entrepreneurial Epiphany\" ,<em>International Conference on Information Systems (ICIS)<\/em>, St Louis, MI.<\/p>\n\n\n\n<p>Mourmant G (2009) \"A Necessary Clarification of the Unfolding Model of Voluntary Turnover\". <em>SIGMIS-CPR\u201909<\/em>, Limerick, Ireland.<\/p>\n\n\n\n<p>Mourmant G, Gallivan MJ and Kalika M (2009) \u201cAnother Road to IT Turnover:&nbsp; The Entre\u00adpreneurial Path\u201d. <em>Special issue of the European Journal of Information Systems on \"Meeting the Renewed Demand for IT Workers.\" <\/em>18(5)<\/p>\n\n\n\n<p>Mourmant G. (2009) \"How and Why Do IT Entrepreneurs Leave their Salaried Employment to Start a SME? A Mixed Methods Research Design. <em>In Information Systems<\/em>\"<em> \u2013 Creativity and Innovation in Small and Medium-Sized Enterprises<\/em> (DHILLON G, STAHL BC and BASKERVILLE R, Eds), pp 273-286.<\/p>\n\n\n\n<p>Mourmant G (2009) \"How and Why Do It Professionals Leave their Salaried Employment to Start a Company? \" , Paris Dauphine University, Georgia State University, p 254., Ph. D. Advisers : Michel Kalika; Michael Gallivan<\/p>\n\n\n\n<p>Mourmant G (2008) \"Adapting and Extending the Unfolding Model of Voluntary Job Turnover to IS Entrepreneurs\". Doctoral consortium, <em>SIGMIS-CPR\u201908<\/em>, Charlottesville, Virginia, USA<\/p>\n\n\n\n<p>Mourmant G and Gallivan M (2007) \"How Personality Type Influences Decision Paths in the Unfolding Model of Voluntary Job Turnover: an Application to IS Professionals\"<em>. In 2007 ACM SIGMIS CPR conference on 2007, doctoral consortium and research conference: The global Information Technology Workforce&nbsp; ACM Press<\/em>, St. Louis, Missouri, USA<\/p>\n<\/div>\n<\/div>\n","protected":false},"excerpt":{"rendered":"<p>Below is an overview of Isabelle and Ga\u00ebtan&#8217;s empirical and theoretical publications that use and apply Grounded Theory. Isabelle Walsh Walsh, I. &amp; Rowe, F. (2022) BIBGT: Combining Bibliometrics and Grounded Theory to Conduct a Literature Review. European Journal of Information Systems. Nagy, G., Walsh, (2021) I. Managerial Blurring of Employee Goals. Academy of Management [&hellip;]<\/p>\n","protected":false},"author":1,"featured_media":0,"parent":0,"menu_order":0,"comment_status":"closed","ping_status":"closed","template":"","meta":{"footnotes":""},"class_list":["post-324","page","type-page","status-publish","hentry"],"yoast_head":"<!-- This site is optimized with the Yoast SEO plugin v27.5 - https:\/\/yoast.com\/product\/yoast-seo-wordpress\/ -->\n<title>Author&#039;s Publications Related to Grounded Theory - Doing Grounded Theory<\/title>\n<meta name=\"robots\" content=\"index, follow, max-snippet:-1, max-image-preview:large, max-video-preview:-1\" \/>\n<link rel=\"canonical\" href=\"https:\/\/doinggt.com\/index.php\/authors-publications\/\" \/>\n<meta property=\"og:locale\" content=\"en_US\" \/>\n<meta property=\"og:type\" content=\"article\" \/>\n<meta property=\"og:title\" content=\"Author&#039;s Publications Related to Grounded Theory - Doing Grounded Theory\" \/>\n<meta property=\"og:description\" content=\"Below is an overview of Isabelle and Ga\u00ebtan&#039;s empirical and theoretical publications that use and apply Grounded Theory. Isabelle Walsh Walsh, I. &amp; Rowe, F. (2022) BIBGT: Combining Bibliometrics and Grounded Theory to Conduct a Literature Review. European Journal of Information Systems. Nagy, G., Walsh, (2021) I. Managerial Blurring of Employee Goals. Academy of Management [&hellip;]\" \/>\n<meta property=\"og:url\" content=\"https:\/\/doinggt.com\/index.php\/authors-publications\/\" \/>\n<meta property=\"og:site_name\" content=\"Doing Grounded Theory\" \/>\n<meta property=\"article:modified_time\" content=\"2022-04-11T06:42:39+00:00\" \/>\n<meta name=\"twitter:card\" content=\"summary_large_image\" \/>\n<meta name=\"twitter:label1\" content=\"Est. reading time\" \/>\n\t<meta name=\"twitter:data1\" content=\"7 minutes\" \/>\n<script type=\"application\/ld+json\" class=\"yoast-schema-graph\">{\"@context\":\"https:\\\/\\\/schema.org\",\"@graph\":[{\"@type\":\"WebPage\",\"@id\":\"https:\\\/\\\/doinggt.com\\\/index.php\\\/authors-publications\\\/\",\"url\":\"https:\\\/\\\/doinggt.com\\\/index.php\\\/authors-publications\\\/\",\"name\":\"Author's Publications Related to Grounded Theory - Doing Grounded Theory\",\"isPartOf\":{\"@id\":\"https:\\\/\\\/doinggt.com\\\/#website\"},\"datePublished\":\"2022-04-10T05:05:01+00:00\",\"dateModified\":\"2022-04-11T06:42:39+00:00\",\"breadcrumb\":{\"@id\":\"https:\\\/\\\/doinggt.com\\\/index.php\\\/authors-publications\\\/#breadcrumb\"},\"inLanguage\":\"en-US\",\"potentialAction\":[{\"@type\":\"ReadAction\",\"target\":[\"https:\\\/\\\/doinggt.com\\\/index.php\\\/authors-publications\\\/\"]}]},{\"@type\":\"BreadcrumbList\",\"@id\":\"https:\\\/\\\/doinggt.com\\\/index.php\\\/authors-publications\\\/#breadcrumb\",\"itemListElement\":[{\"@type\":\"ListItem\",\"position\":1,\"name\":\"Home\",\"item\":\"https:\\\/\\\/doinggt.com\\\/\"},{\"@type\":\"ListItem\",\"position\":2,\"name\":\"Author&#8217;s Publications Related to Grounded Theory\"}]},{\"@type\":\"WebSite\",\"@id\":\"https:\\\/\\\/doinggt.com\\\/#website\",\"url\":\"https:\\\/\\\/doinggt.com\\\/\",\"name\":\"Doing Grounded Theory\",\"description\":\"Doing Classic Grounded Theory\",\"potentialAction\":[{\"@type\":\"SearchAction\",\"target\":{\"@type\":\"EntryPoint\",\"urlTemplate\":\"https:\\\/\\\/doinggt.com\\\/?s={search_term_string}\"},\"query-input\":{\"@type\":\"PropertyValueSpecification\",\"valueRequired\":true,\"valueName\":\"search_term_string\"}}],\"inLanguage\":\"en-US\"}]}<\/script>\n<!-- \/ Yoast SEO plugin. -->","yoast_head_json":{"title":"Author's Publications Related to Grounded Theory - Doing Grounded Theory","robots":{"index":"index","follow":"follow","max-snippet":"max-snippet:-1","max-image-preview":"max-image-preview:large","max-video-preview":"max-video-preview:-1"},"canonical":"https:\/\/doinggt.com\/index.php\/authors-publications\/","og_locale":"en_US","og_type":"article","og_title":"Author's Publications Related to Grounded Theory - Doing Grounded Theory","og_description":"Below is an overview of Isabelle and Ga\u00ebtan's empirical and theoretical publications that use and apply Grounded Theory. Isabelle Walsh Walsh, I. &amp; Rowe, F. (2022) BIBGT: Combining Bibliometrics and Grounded Theory to Conduct a Literature Review. European Journal of Information Systems. Nagy, G., Walsh, (2021) I. Managerial Blurring of Employee Goals. Academy of Management [&hellip;]","og_url":"https:\/\/doinggt.com\/index.php\/authors-publications\/","og_site_name":"Doing Grounded Theory","article_modified_time":"2022-04-11T06:42:39+00:00","twitter_card":"summary_large_image","twitter_misc":{"Est. reading time":"7 minutes"},"schema":{"@context":"https:\/\/schema.org","@graph":[{"@type":"WebPage","@id":"https:\/\/doinggt.com\/index.php\/authors-publications\/","url":"https:\/\/doinggt.com\/index.php\/authors-publications\/","name":"Author's Publications Related to Grounded Theory - Doing Grounded Theory","isPartOf":{"@id":"https:\/\/doinggt.com\/#website"},"datePublished":"2022-04-10T05:05:01+00:00","dateModified":"2022-04-11T06:42:39+00:00","breadcrumb":{"@id":"https:\/\/doinggt.com\/index.php\/authors-publications\/#breadcrumb"},"inLanguage":"en-US","potentialAction":[{"@type":"ReadAction","target":["https:\/\/doinggt.com\/index.php\/authors-publications\/"]}]},{"@type":"BreadcrumbList","@id":"https:\/\/doinggt.com\/index.php\/authors-publications\/#breadcrumb","itemListElement":[{"@type":"ListItem","position":1,"name":"Home","item":"https:\/\/doinggt.com\/"},{"@type":"ListItem","position":2,"name":"Author&#8217;s Publications Related to Grounded Theory"}]},{"@type":"WebSite","@id":"https:\/\/doinggt.com\/#website","url":"https:\/\/doinggt.com\/","name":"Doing Grounded Theory","description":"Doing Classic Grounded Theory","potentialAction":[{"@type":"SearchAction","target":{"@type":"EntryPoint","urlTemplate":"https:\/\/doinggt.com\/?s={search_term_string}"},"query-input":{"@type":"PropertyValueSpecification","valueRequired":true,"valueName":"search_term_string"}}],"inLanguage":"en-US"}]}},"_links":{"self":[{"href":"https:\/\/doinggt.com\/index.php\/wp-json\/wp\/v2\/pages\/324","targetHints":{"allow":["GET"]}}],"collection":[{"href":"https:\/\/doinggt.com\/index.php\/wp-json\/wp\/v2\/pages"}],"about":[{"href":"https:\/\/doinggt.com\/index.php\/wp-json\/wp\/v2\/types\/page"}],"author":[{"embeddable":true,"href":"https:\/\/doinggt.com\/index.php\/wp-json\/wp\/v2\/users\/1"}],"replies":[{"embeddable":true,"href":"https:\/\/doinggt.com\/index.php\/wp-json\/wp\/v2\/comments?post=324"}],"version-history":[{"count":13,"href":"https:\/\/doinggt.com\/index.php\/wp-json\/wp\/v2\/pages\/324\/revisions"}],"predecessor-version":[{"id":363,"href":"https:\/\/doinggt.com\/index.php\/wp-json\/wp\/v2\/pages\/324\/revisions\/363"}],"wp:attachment":[{"href":"https:\/\/doinggt.com\/index.php\/wp-json\/wp\/v2\/media?parent=324"}],"curies":[{"name":"wp","href":"https:\/\/api.w.org\/{rel}","templated":true}]}}